{"id":738,"date":"2026-04-01T08:20:55","date_gmt":"2026-04-01T08:20:55","guid":{"rendered":"https:\/\/ilpaninolignano.it\/ueber-uns\/"},"modified":"2026-04-21T07:12:09","modified_gmt":"2026-04-21T07:12:09","slug":"ueber-uns","status":"publish","type":"page","link":"https:\/\/ilpaninolignano.it\/de\/ueber-uns\/","title":{"rendered":"\u00dcber uns"},"content":{"rendered":"\t\t<div data-elementor-type=\"wp-page\" data-elementor-id=\"738\" class=\"elementor elementor-738 elementor-23\" data-elementor-post-type=\"page\">\n\t\t\t\t<div class=\"elementor-element elementor-element-ce35d69 e-flex e-con-boxed e-con e-parent\" data-id=\"ce35d69\" data-element_type=\"container\" data-e-type=\"container\" data-settings=\"{&quot;background_background&quot;:&quot;classic&quot;}\">\n\t\t\t\t\t<div class=\"e-con-inner\">\n\t\t\t\t<div class=\"elementor-element elementor-element-f886cdf elementor-widget elementor-widget-heading\" data-id=\"f886cdf\" data-element_type=\"widget\" data-e-type=\"widget\" data-widget_type=\"heading.default\">\n\t\t\t\t\t<h2 class=\"elementor-heading-title elementor-size-default\">\u00dcber 40 Jahre<br>echter Genuss<br>und null<br>Gerede<\/h2>\t\t\t\t<\/div>\n\t\t\t\t\t<\/div>\n\t\t\t\t<\/div>\n\t\t<div class=\"elementor-element elementor-element-db893ad e-flex e-con-boxed e-con e-parent\" data-id=\"db893ad\" data-element_type=\"container\" data-e-type=\"container\">\n\t\t\t\t\t<div class=\"e-con-inner\">\n\t\t<div class=\"elementor-element elementor-element-c54d1ee e-con-full e-flex e-con e-child\" data-id=\"c54d1ee\" data-element_type=\"container\" data-e-type=\"container\">\n\t\t\t\t<div class=\"elementor-element elementor-element-ea0bd8f elementor-widget elementor-widget-heading\" data-id=\"ea0bd8f\" data-element_type=\"widget\" data-e-type=\"widget\" data-widget_type=\"heading.default\">\n\t\t\t\t\t<h2 class=\"elementor-heading-title elementor-size-default\">Authentische Aromen\nund Menschen\n<\/h2>\t\t\t\t<\/div>\n\t\t\t\t<div class=\"elementor-element elementor-element-e4a4837 elementor-widget elementor-widget-text-editor\" data-id=\"e4a4837\" data-element_type=\"widget\" data-e-type=\"widget\" data-widget_type=\"text-editor.default\">\n\t\t\t\t\t\t\t\t\t<div class=\"page\" title=\"Seite 5\"><div class=\"section\"><div class=\"layoutArea\"><div class=\"column\"><div class=\"page\" title=\"Seite 4\"><div class=\"section\"><div class=\"layoutArea\"><div class=\"column\"><p>Wir wurden 1983 geboren, als Lignano noch anders war, aber der Hunger derselbe.<\/p><p>Wir sind keine Sternek\u00f6che, wir sind diejenigen, die wissen, dass ein gutes Sandwich dir den Tag retten kann.<\/p><p>Seitdem haben wir das Licht nie wieder ausgeschaltet.<\/p><\/div><\/div><\/div><\/div><\/div><\/div><\/div><\/div>\t\t\t\t\t\t\t\t<\/div>\n\t\t\t\t<\/div>\n\t\t<div class=\"elementor-element elementor-element-12fe33f e-con-full e-flex e-con e-child\" data-id=\"12fe33f\" data-element_type=\"container\" data-e-type=\"container\">\n\t\t\t\t<div class=\"elementor-element elementor-element-93e3c53 elementor-widget-mobile__width-initial elementor-widget elementor-widget-image\" data-id=\"93e3c53\" data-element_type=\"widget\" data-e-type=\"widget\" data-settings=\"{&quot;motion_fx_motion_fx_scrolling&quot;:&quot;yes&quot;,&quot;motion_fx_translateY_effect&quot;:&quot;yes&quot;,&quot;motion_fx_translateY_speed&quot;:{&quot;unit&quot;:&quot;px&quot;,&quot;size&quot;:1.2,&quot;sizes&quot;:[]},&quot;motion_fx_translateY_affectedRange&quot;:{&quot;unit&quot;:&quot;%&quot;,&quot;size&quot;:&quot;&quot;,&quot;sizes&quot;:{&quot;start&quot;:0,&quot;end&quot;:100}},&quot;motion_fx_devices&quot;:[&quot;desktop&quot;,&quot;tablet&quot;,&quot;mobile&quot;]}\" data-widget_type=\"image.default\">\n\t\t\t\t\t\t\t\t\t\t\t\t\t\t\t<img fetchpriority=\"high\" decoding=\"async\" width=\"448\" height=\"1024\" src=\"https:\/\/ilpaninolignano.it\/wp-content\/uploads\/2026\/04\/Titolare01-448x1024.png\" class=\"attachment-large size-large wp-image-740\" alt=\"\" srcset=\"https:\/\/ilpaninolignano.it\/wp-content\/uploads\/2026\/04\/Titolare01-448x1024.png 448w, https:\/\/ilpaninolignano.it\/wp-content\/uploads\/2026\/04\/Titolare01-131x300.png 131w, https:\/\/ilpaninolignano.it\/wp-content\/uploads\/2026\/04\/Titolare01-768x1755.png 768w, https:\/\/ilpaninolignano.it\/wp-content\/uploads\/2026\/04\/Titolare01-672x1536.png 672w, https:\/\/ilpaninolignano.it\/wp-content\/uploads\/2026\/04\/Titolare01-896x2048.png 896w, https:\/\/ilpaninolignano.it\/wp-content\/uploads\/2026\/04\/Titolare01-scaled.png 1120w\" sizes=\"(max-width: 448px) 100vw, 448px\" \/>\t\t\t\t\t\t\t\t\t\t\t\t\t\t\t<\/div>\n\t\t\t\t<div class=\"elementor-element elementor-element-adc05d2 elementor-widget-mobile__width-initial elementor-widget elementor-widget-image\" data-id=\"adc05d2\" data-element_type=\"widget\" data-e-type=\"widget\" data-settings=\"{&quot;motion_fx_motion_fx_scrolling&quot;:&quot;yes&quot;,&quot;motion_fx_translateY_effect&quot;:&quot;yes&quot;,&quot;motion_fx_translateY_direction&quot;:&quot;negative&quot;,&quot;motion_fx_translateY_speed&quot;:{&quot;unit&quot;:&quot;px&quot;,&quot;size&quot;:1.2,&quot;sizes&quot;:[]},&quot;motion_fx_translateY_affectedRange&quot;:{&quot;unit&quot;:&quot;%&quot;,&quot;size&quot;:&quot;&quot;,&quot;sizes&quot;:{&quot;start&quot;:0,&quot;end&quot;:100}},&quot;motion_fx_devices&quot;:[&quot;desktop&quot;,&quot;tablet&quot;,&quot;mobile&quot;]}\" data-widget_type=\"image.default\">\n\t\t\t\t\t\t\t\t\t\t\t\t\t\t\t<img decoding=\"async\" width=\"448\" height=\"1024\" src=\"https:\/\/ilpaninolignano.it\/wp-content\/uploads\/2026\/04\/Titolare02-448x1024.png\" class=\"attachment-large size-large wp-image-741\" alt=\"\" srcset=\"https:\/\/ilpaninolignano.it\/wp-content\/uploads\/2026\/04\/Titolare02-448x1024.png 448w, https:\/\/ilpaninolignano.it\/wp-content\/uploads\/2026\/04\/Titolare02-131x300.png 131w, https:\/\/ilpaninolignano.it\/wp-content\/uploads\/2026\/04\/Titolare02-768x1755.png 768w, https:\/\/ilpaninolignano.it\/wp-content\/uploads\/2026\/04\/Titolare02-672x1536.png 672w, https:\/\/ilpaninolignano.it\/wp-content\/uploads\/2026\/04\/Titolare02-896x2048.png 896w, https:\/\/ilpaninolignano.it\/wp-content\/uploads\/2026\/04\/Titolare02-scaled.png 1120w\" sizes=\"(max-width: 448px) 100vw, 448px\" \/>\t\t\t\t\t\t\t\t\t\t\t\t\t\t\t<\/div>\n\t\t\t\t<div class=\"elementor-element elementor-element-ac977c5 elementor-widget-mobile__width-initial elementor-widget elementor-widget-image\" data-id=\"ac977c5\" data-element_type=\"widget\" data-e-type=\"widget\" data-settings=\"{&quot;motion_fx_motion_fx_scrolling&quot;:&quot;yes&quot;,&quot;motion_fx_translateY_effect&quot;:&quot;yes&quot;,&quot;motion_fx_translateY_speed&quot;:{&quot;unit&quot;:&quot;px&quot;,&quot;size&quot;:1.2,&quot;sizes&quot;:[]},&quot;motion_fx_translateY_affectedRange&quot;:{&quot;unit&quot;:&quot;%&quot;,&quot;size&quot;:&quot;&quot;,&quot;sizes&quot;:{&quot;start&quot;:0,&quot;end&quot;:100}},&quot;motion_fx_devices&quot;:[&quot;desktop&quot;,&quot;tablet&quot;,&quot;mobile&quot;]}\" data-widget_type=\"image.default\">\n\t\t\t\t\t\t\t\t\t\t\t\t\t\t\t<img decoding=\"async\" width=\"448\" height=\"1024\" src=\"https:\/\/ilpaninolignano.it\/wp-content\/uploads\/2026\/04\/Titolare03-448x1024.png\" class=\"attachment-large size-large wp-image-742\" alt=\"\" srcset=\"https:\/\/ilpaninolignano.it\/wp-content\/uploads\/2026\/04\/Titolare03-448x1024.png 448w, https:\/\/ilpaninolignano.it\/wp-content\/uploads\/2026\/04\/Titolare03-131x300.png 131w, https:\/\/ilpaninolignano.it\/wp-content\/uploads\/2026\/04\/Titolare03-768x1756.png 768w, https:\/\/ilpaninolignano.it\/wp-content\/uploads\/2026\/04\/Titolare03-672x1536.png 672w, https:\/\/ilpaninolignano.it\/wp-content\/uploads\/2026\/04\/Titolare03-896x2048.png 896w, https:\/\/ilpaninolignano.it\/wp-content\/uploads\/2026\/04\/Titolare03-scaled.png 1120w\" sizes=\"(max-width: 448px) 100vw, 448px\" \/>\t\t\t\t\t\t\t\t\t\t\t\t\t\t\t<\/div>\n\t\t\t\t<\/div>\n\t\t\t\t\t<\/div>\n\t\t\t\t<\/div>\n\t\t<div class=\"elementor-element elementor-element-30a8414 e-con-full e-flex e-con e-parent\" data-id=\"30a8414\" data-element_type=\"container\" data-e-type=\"container\" data-settings=\"{&quot;background_background&quot;:&quot;classic&quot;}\">\n\t\t<div class=\"elementor-element elementor-element-844c4dc e-con-full e-flex e-con e-child\" data-id=\"844c4dc\" data-element_type=\"container\" data-e-type=\"container\">\n\t\t\t\t<div class=\"elementor-element elementor-element-83d81f0 elementor-absolute elementor-invisible elementor-widget elementor-widget-image\" data-id=\"83d81f0\" data-element_type=\"widget\" data-e-type=\"widget\" data-settings=\"{&quot;_position&quot;:&quot;absolute&quot;,&quot;_animation&quot;:&quot;fadeInLeft&quot;}\" data-widget_type=\"image.default\">\n\t\t\t\t\t\t\t\t\t\t\t\t\t\t\t<img loading=\"lazy\" decoding=\"async\" width=\"800\" height=\"889\" src=\"https:\/\/ilpaninolignano.it\/wp-content\/uploads\/2026\/04\/LordSandwich-vintage-921x1024.png\" class=\"attachment-large size-large wp-image-743\" alt=\"\" srcset=\"https:\/\/ilpaninolignano.it\/wp-content\/uploads\/2026\/04\/LordSandwich-vintage-921x1024.png 921w, https:\/\/ilpaninolignano.it\/wp-content\/uploads\/2026\/04\/LordSandwich-vintage-270x300.png 270w, https:\/\/ilpaninolignano.it\/wp-content\/uploads\/2026\/04\/LordSandwich-vintage-768x854.png 768w, https:\/\/ilpaninolignano.it\/wp-content\/uploads\/2026\/04\/LordSandwich-vintage-1382x1536.png 1382w, https:\/\/ilpaninolignano.it\/wp-content\/uploads\/2026\/04\/LordSandwich-vintage-1842x2048.png 1842w\" sizes=\"(max-width: 800px) 100vw, 800px\" \/>\t\t\t\t\t\t\t\t\t\t\t\t\t\t\t<\/div>\n\t\t\t\t<\/div>\n\t\t<div class=\"elementor-element elementor-element-b53a51b e-con-full e-flex e-con e-child\" data-id=\"b53a51b\" data-element_type=\"container\" data-e-type=\"container\">\n\t\t\t\t<div class=\"elementor-element elementor-element-4299cf4 elementor-widget__width-initial elementor-widget-mobile__width-inherit elementor-widget elementor-widget-heading\" data-id=\"4299cf4\" data-element_type=\"widget\" data-e-type=\"widget\" data-widget_type=\"heading.default\">\n\t\t\t\t\t<h2 class=\"elementor-heading-title elementor-size-default\">Und dieser<br>stilisierte Typ<br>in unserem<br>Logo?<\/h2>\t\t\t\t<\/div>\n\t\t\t\t<\/div>\n\t\t\t\t<\/div>\n\t\t<div class=\"elementor-element elementor-element-e5d5fba e-flex e-con-boxed e-con e-parent\" data-id=\"e5d5fba\" data-element_type=\"container\" data-e-type=\"container\" data-settings=\"{&quot;background_background&quot;:&quot;classic&quot;}\">\n\t\t\t\t\t<div class=\"e-con-inner\">\n\t\t\t\t<div class=\"elementor-element elementor-element-630eedf elementor-widget elementor-widget-text-editor\" data-id=\"630eedf\" data-element_type=\"widget\" data-e-type=\"widget\" data-widget_type=\"text-editor.default\">\n\t\t\t\t\t\t\t\t\t<p>Das Club-Sandwich ist unser Aush\u00e4ngeschild, und wir wollten einen Bezug dazu in unser Logo aufnehmen: Es handelt sich um die stilisierte Figur des britischen Politikers aus dem 18. Jahrhundert: <strong>Lord Sandwich<\/strong> (<em>John Montagu, 4. Earl of Sandwich<\/em>).<\/p><p>John Montagu lie\u00df sich w\u00e4hrend seiner Golf- und Kartenspiele Sandwiches servieren, damit er essen konnte, w\u00e4hrend er weiterspielte. Daher stammt der Name des Sandwiches.<\/p><p>Seit 1983 bringen wir dieselbe Philosophie nach Lignano: <strong>Hunger darf den Spa\u00df nicht stoppen.<\/strong><\/p><p>Wir haben die Idee des Lords \u00fcbernommen und sie mit Knusprigkeit aufgeladen, indem wir 365 Tage im Jahr ge\u00f6ffnet bleiben (also, falls du es noch nicht verstanden hast: <strong>jeden einzelnen Tag<\/strong>).<\/p>\t\t\t\t\t\t\t\t<\/div>\n\t\t\t\t\t<\/div>\n\t\t\t\t<\/div>\n\t\t<div class=\"elementor-element elementor-element-ddb7273 e-flex e-con-boxed e-con e-parent\" data-id=\"ddb7273\" data-element_type=\"container\" data-e-type=\"container\" data-settings=\"{&quot;background_background&quot;:&quot;classic&quot;}\">\n\t\t\t\t\t<div class=\"e-con-inner\">\n\t\t<div class=\"elementor-element elementor-element-5009d9c e-con-full e-flex e-con e-child\" data-id=\"5009d9c\" data-element_type=\"container\" data-e-type=\"container\">\n\t\t\t\t<div class=\"elementor-element elementor-element-89a730a elementor-widget__width-initial elementor-widget-mobile__width-inherit elementor-widget elementor-widget-heading\" data-id=\"89a730a\" data-element_type=\"widget\" data-e-type=\"widget\" data-widget_type=\"heading.default\">\n\t\t\t\t\t<h2 class=\"elementor-heading-title elementor-size-default\">Alles beginnt<br>im Jahr 1983<\/h2>\t\t\t\t<\/div>\n\t\t\t\t<div class=\"elementor-element elementor-element-f28edcb elementor-widget__width-initial elementor-widget-mobile__width-inherit elementor-widget elementor-widget-text-editor\" data-id=\"f28edcb\" data-element_type=\"widget\" data-e-type=\"widget\" data-widget_type=\"text-editor.default\">\n\t\t\t\t\t\t\t\t\t<p>Il Panino wurde 1983 in Lignano er\u00f6ffnet und war von Anfang an ein gro\u00dfer Erfolg.<\/p><p>Fabrizio Moretto, der heutige Inhaber, hatte das Gl\u00fcck, dort 12 Jahre lang zu arbeiten, erst als Angestellter und dann als vertrauter Mitarbeiter.<\/p>\t\t\t\t\t\t\t\t<\/div>\n\t\t\t\t<\/div>\n\t\t<div class=\"elementor-element elementor-element-115b3bd e-con-full e-flex e-con e-child\" data-id=\"115b3bd\" data-element_type=\"container\" data-e-type=\"container\">\n\t\t\t\t<div class=\"elementor-element elementor-element-7ba4f41 elementor-widget__width-initial elementor-widget elementor-widget-image\" data-id=\"7ba4f41\" data-element_type=\"widget\" data-e-type=\"widget\" data-widget_type=\"image.default\">\n\t\t\t\t\t\t\t\t\t\t\t\t\t\t\t<img loading=\"lazy\" decoding=\"async\" width=\"800\" height=\"800\" src=\"https:\/\/ilpaninolignano.it\/wp-content\/uploads\/2026\/04\/ChiSiamo02-1024x1024.png\" class=\"attachment-large size-large wp-image-739\" alt=\"\" srcset=\"https:\/\/ilpaninolignano.it\/wp-content\/uploads\/2026\/04\/ChiSiamo02-1024x1024.png 1024w, https:\/\/ilpaninolignano.it\/wp-content\/uploads\/2026\/04\/ChiSiamo02-300x300.png 300w, https:\/\/ilpaninolignano.it\/wp-content\/uploads\/2026\/04\/ChiSiamo02-150x150.png 150w, https:\/\/ilpaninolignano.it\/wp-content\/uploads\/2026\/04\/ChiSiamo02-768x768.png 768w, https:\/\/ilpaninolignano.it\/wp-content\/uploads\/2026\/04\/ChiSiamo02-1536x1536.png 1536w, https:\/\/ilpaninolignano.it\/wp-content\/uploads\/2026\/04\/ChiSiamo02-2048x2048.png 2048w\" sizes=\"(max-width: 800px) 100vw, 800px\" \/>\t\t\t\t\t\t\t\t\t\t\t\t\t\t\t<\/div>\n\t\t\t\t<div class=\"elementor-element elementor-element-e417f48 elementor-widget__width-initial elementor-absolute e-transform elementor-widget elementor-widget-image\" data-id=\"e417f48\" data-element_type=\"widget\" data-e-type=\"widget\" data-settings=\"{&quot;_position&quot;:&quot;absolute&quot;,&quot;_transform_rotateZ_effect&quot;:{&quot;unit&quot;:&quot;px&quot;,&quot;size&quot;:-15,&quot;sizes&quot;:[]},&quot;_transform_rotateZ_effect_tablet&quot;:{&quot;unit&quot;:&quot;deg&quot;,&quot;size&quot;:&quot;&quot;,&quot;sizes&quot;:[]},&quot;_transform_rotateZ_effect_mobile&quot;:{&quot;unit&quot;:&quot;deg&quot;,&quot;size&quot;:&quot;&quot;,&quot;sizes&quot;:[]}}\" data-widget_type=\"image.default\">\n\t\t\t\t\t\t\t\t\t\t\t\t\t\t\t<img loading=\"lazy\" decoding=\"async\" width=\"800\" height=\"800\" src=\"https:\/\/ilpaninolignano.it\/wp-content\/uploads\/2026\/04\/ChiSiamo01-1024x1024.png\" class=\"attachment-large size-large wp-image-744\" alt=\"\" srcset=\"https:\/\/ilpaninolignano.it\/wp-content\/uploads\/2026\/04\/ChiSiamo01-1024x1024.png 1024w, https:\/\/ilpaninolignano.it\/wp-content\/uploads\/2026\/04\/ChiSiamo01-300x300.png 300w, https:\/\/ilpaninolignano.it\/wp-content\/uploads\/2026\/04\/ChiSiamo01-150x150.png 150w, https:\/\/ilpaninolignano.it\/wp-content\/uploads\/2026\/04\/ChiSiamo01-768x768.png 768w, https:\/\/ilpaninolignano.it\/wp-content\/uploads\/2026\/04\/ChiSiamo01-1536x1536.png 1536w, https:\/\/ilpaninolignano.it\/wp-content\/uploads\/2026\/04\/ChiSiamo01-2048x2048.png 2048w\" sizes=\"(max-width: 800px) 100vw, 800px\" \/>\t\t\t\t\t\t\t\t\t\t\t\t\t\t\t<\/div>\n\t\t\t\t<\/div>\n\t\t\t\t\t<\/div>\n\t\t\t\t<\/div>\n\t\t<div class=\"elementor-element elementor-element-185c1eb e-flex e-con-boxed e-con e-parent\" data-id=\"185c1eb\" data-element_type=\"container\" data-e-type=\"container\">\n\t\t\t\t\t<div class=\"e-con-inner\">\n\t\t\t\t<div class=\"elementor-element elementor-element-7cd9da8 elementor-widget elementor-widget-text-editor\" data-id=\"7cd9da8\" data-element_type=\"widget\" data-e-type=\"widget\" data-widget_type=\"text-editor.default\">\n\t\t\t\t\t\t\t\t\t<p>Zusammen mit seiner Frau Fulvia entwickelte er ab 2004 verschiedene unternehmerische Projekte in der Lebensmittelwelt und dar\u00fcber hinaus und er\u00f6ffnete erfolgreich verschiedene Formate und Ketten.<\/p><p>Im Jahr 2020 kehrte Fabrizio zu <em>Il Panino<\/em> zur\u00fcck, um die Leitung gemeinsam mit Fulvia und seinem Schwager Maurizio zu \u00fcbernehmen: Die Entscheidung, zu den Wurzeln zur\u00fcckzukehren, treibt ihn mit gro\u00dfer Begeisterung in dieses neue Abenteuer, diesmal jedoch in einer neuen Rolle \u2013 der des Inhabers.<\/p><p>Das st\u00e4ndige Engagement bei der Suche nach hochwertigen Zutaten, ein wachsames Auge auf Nachhaltigkeit, die gro\u00dfe Aufmerksamkeit f\u00fcr die Bed\u00fcrfnisse der Kunden und das<br>Wohlbefinden der Mitarbeiter am Arbeitsplatz sind die Grundlage des gastronomischen Angebots von Il Panino, das zu einem Bezugspunkt unter den Lokalen in Lignano geworden ist.<\/p>\t\t\t\t\t\t\t\t<\/div>\n\t\t\t\t\t<\/div>\n\t\t\t\t<\/div>\n\t\t<div class=\"elementor-element elementor-element-65279d4 e-flex e-con-boxed e-con e-parent\" data-id=\"65279d4\" data-element_type=\"container\" data-e-type=\"container\">\n\t\t\t\t\t<div class=\"e-con-inner\">\n\t\t<div class=\"elementor-element elementor-element-ca2b7be e-con-full e-flex e-con e-child\" data-id=\"ca2b7be\" data-element_type=\"container\" data-e-type=\"container\" data-settings=\"{&quot;background_background&quot;:&quot;classic&quot;}\">\n\t\t<div class=\"elementor-element elementor-element-40f872a e-con-full e-flex e-con e-child\" data-id=\"40f872a\" data-element_type=\"container\" data-e-type=\"container\">\n\t\t\t\t<div class=\"elementor-element elementor-element-dc31796 elementor-widget__width-inherit elementor-widget elementor-widget-heading\" data-id=\"dc31796\" data-element_type=\"widget\" data-e-type=\"widget\" data-widget_type=\"heading.default\">\n\t\t\t\t\t<h2 class=\"elementor-heading-title elementor-size-default\">Nur ausgew\u00e4hlte\nZutaten.<\/h2>\t\t\t\t<\/div>\n\t\t\t\t<div class=\"elementor-element elementor-element-311959e elementor-widget elementor-widget-text-editor\" data-id=\"311959e\" data-element_type=\"widget\" data-e-type=\"widget\" data-widget_type=\"text-editor.default\">\n\t\t\t\t\t\t\t\t\t<p>Wir w\u00e4hlen jeden Tag das Beste aus: Wenn es nicht exzellent ist, kommt es nicht in unsere K\u00fcche.<\/p>\t\t\t\t\t\t\t\t<\/div>\n\t\t\t\t<\/div>\n\t\t<div class=\"elementor-element elementor-element-c4484db e-con-full e-flex e-con e-child\" data-id=\"c4484db\" data-element_type=\"container\" data-e-type=\"container\">\n\t\t\t\t<div class=\"elementor-element elementor-element-b16f523 elementor-widget__width-inherit elementor-widget elementor-widget-heading\" data-id=\"b16f523\" data-element_type=\"widget\" data-e-type=\"widget\" data-widget_type=\"heading.default\">\n\t\t\t\t\t<h2 class=\"elementor-heading-title elementor-size-default\">Immer\nam Ball.<\/h2>\t\t\t\t<\/div>\n\t\t\t\t<div class=\"elementor-element elementor-element-d6703e4 elementor-widget elementor-widget-text-editor\" data-id=\"d6703e4\" data-element_type=\"widget\" data-e-type=\"widget\" data-widget_type=\"text-editor.default\">\n\t\t\t\t\t\t\t\t\t<p>Zus\u00e4tzlich zu den Klassikern von 1983 findest du jede Saison neue Gerichte, damit es nie langweilig wird.<\/p>\t\t\t\t\t\t\t\t<\/div>\n\t\t\t\t<\/div>\n\t\t<div class=\"elementor-element elementor-element-d2cdf57 e-con-full e-flex e-con e-child\" data-id=\"d2cdf57\" data-element_type=\"container\" data-e-type=\"container\">\n\t\t\t\t<div class=\"elementor-element elementor-element-584500d elementor-widget__width-inherit elementor-widget elementor-widget-heading\" data-id=\"584500d\" data-element_type=\"widget\" data-e-type=\"widget\" data-widget_type=\"heading.default\">\n\t\t\t\t\t<h2 class=\"elementor-heading-title elementor-size-default\">Mehr als nur Brot.<\/h2>\t\t\t\t<\/div>\n\t\t\t\t<div class=\"elementor-element elementor-element-3e5ffcb elementor-widget elementor-widget-text-editor\" data-id=\"3e5ffcb\" data-element_type=\"widget\" data-e-type=\"widget\" data-widget_type=\"text-editor.default\">\n\t\t\t\t\t\t\t\t\t<p>Wir haben alternative Gerichte und glutenfreie Optionen f\u00fcr Menschen mit Unvertr\u00e4glichkeiten (leider keine garantierten Gerichte f\u00fcr Z\u00f6liakie-Betroffene).<\/p>\t\t\t\t\t\t\t\t<\/div>\n\t\t\t\t<\/div>\n\t\t\t\t<\/div>\n\t\t\t\t\t<\/div>\n\t\t\t\t<\/div>\n\t\t\t\t<\/div>\n\t\t","protected":false},"excerpt":{"rendered":"<p>\u00dcber 40 Jahreechter Genussund nullGerede Authentische Aromen und Menschen Wir wurden 1983 geboren, als Lignano noch anders war, aber der Hunger derselbe. Wir sind keine Sternek\u00f6che, wir sind diejenigen, die wissen, dass ein gutes Sandwich dir den Tag retten kann. Seitdem haben wir das Licht nie wieder ausgeschaltet. Und dieserstilisierte Typin unseremLogo? Das Club-Sandwich ist [&hellip;]<\/p>\n","protected":false},"author":1,"featured_media":0,"parent":0,"menu_order":0,"comment_status":"closed","ping_status":"closed","template":"","meta":{"footnotes":""},"class_list":["post-738","page","type-page","status-publish","hentry"],"_links":{"self":[{"href":"https:\/\/ilpaninolignano.it\/de\/wp-json\/wp\/v2\/pages\/738","targetHints":{"allow":["GET"]}}],"collection":[{"href":"https:\/\/ilpaninolignano.it\/de\/wp-json\/wp\/v2\/pages"}],"about":[{"href":"https:\/\/ilpaninolignano.it\/de\/wp-json\/wp\/v2\/types\/page"}],"author":[{"embeddable":true,"href":"https:\/\/ilpaninolignano.it\/de\/wp-json\/wp\/v2\/users\/1"}],"replies":[{"embeddable":true,"href":"https:\/\/ilpaninolignano.it\/de\/wp-json\/wp\/v2\/comments?post=738"}],"version-history":[{"count":3,"href":"https:\/\/ilpaninolignano.it\/de\/wp-json\/wp\/v2\/pages\/738\/revisions"}],"predecessor-version":[{"id":991,"href":"https:\/\/ilpaninolignano.it\/de\/wp-json\/wp\/v2\/pages\/738\/revisions\/991"}],"wp:attachment":[{"href":"https:\/\/ilpaninolignano.it\/de\/wp-json\/wp\/v2\/media?parent=738"}],"curies":[{"name":"wp","href":"https:\/\/api.w.org\/{rel}","templated":true}]}}