{"id":707,"date":"2026-04-01T08:21:59","date_gmt":"2026-04-01T08:21:59","guid":{"rendered":"https:\/\/ilpaninolignano.it\/das-lokal\/"},"modified":"2026-04-21T07:15:53","modified_gmt":"2026-04-21T07:15:53","slug":"das-lokal","status":"publish","type":"page","link":"https:\/\/ilpaninolignano.it\/de\/das-lokal\/","title":{"rendered":"Das Lokal"},"content":{"rendered":"\t\t<div data-elementor-type=\"wp-page\" data-elementor-id=\"707\" class=\"elementor elementor-707 elementor-34\" data-elementor-post-type=\"page\">\n\t\t\t\t<div class=\"elementor-element elementor-element-20e6ddd e-flex e-con-boxed e-con e-parent\" data-id=\"20e6ddd\" data-element_type=\"container\" data-e-type=\"container\" data-settings=\"{&quot;background_background&quot;:&quot;classic&quot;}\">\n\t\t\t\t\t<div class=\"e-con-inner\">\n\t\t\t\t<div class=\"elementor-element elementor-element-59e0366 elementor-widget elementor-widget-heading\" data-id=\"59e0366\" data-element_type=\"widget\" data-e-type=\"widget\" data-widget_type=\"heading.default\">\n\t\t\t\t\t<h2 class=\"elementor-heading-title elementor-size-default\">Mach es dir gem\u00fctlich,<br>hier brauchst du<br>kein Hemd<\/h2>\t\t\t\t<\/div>\n\t\t\t\t\t<\/div>\n\t\t\t\t<\/div>\n\t\t<div class=\"elementor-element elementor-element-a1a569a e-flex e-con-boxed e-con e-parent\" data-id=\"a1a569a\" data-element_type=\"container\" data-e-type=\"container\">\n\t\t\t\t\t<div class=\"e-con-inner\">\n\t\t<div class=\"elementor-element elementor-element-debf674 e-con-full e-flex e-con e-child\" data-id=\"debf674\" data-element_type=\"container\" data-e-type=\"container\">\n\t\t\t\t<div class=\"elementor-element elementor-element-663d993 elementor-widget__width-initial elementor-widget elementor-widget-heading\" data-id=\"663d993\" data-element_type=\"widget\" data-e-type=\"widget\" data-widget_type=\"heading.default\">\n\t\t\t\t\t<h2 class=\"elementor-heading-title elementor-size-default\">seit 1983<\/h2>\t\t\t\t<\/div>\n\t\t\t\t<div class=\"elementor-element elementor-element-a7c629c elementor-widget__width-initial elementor-widget-mobile__width-inherit elementor-widget elementor-widget-text-editor\" data-id=\"a7c629c\" data-element_type=\"widget\" data-e-type=\"widget\" data-widget_type=\"text-editor.default\">\n\t\t\t\t\t\t\t\t\t<p>Egal, ob drau\u00dfen die Augustsonne brennt oder der Januarnebel h\u00e4ngt \u2013 unsere Grillplatte ist immer hei\u00df.<\/p><p>Wir sind in Lignano, im Raggio dell&#8217;Ostro 2: der Ort, an dem du dich wie zu Hause f\u00fchlst, nur dass jemand f\u00fcr dich kocht, der es besser kann.<\/p>\t\t\t\t\t\t\t\t<\/div>\n\t\t\t\t<\/div>\n\t\t<div class=\"elementor-element elementor-element-e5bdd29 e-con-full e-flex e-con e-child\" data-id=\"e5bdd29\" data-element_type=\"container\" data-e-type=\"container\">\n\t\t\t\t<div class=\"elementor-element elementor-element-11176b4 elementor-widget__width-initial elementor-widget elementor-widget-image\" data-id=\"11176b4\" data-element_type=\"widget\" data-e-type=\"widget\" data-widget_type=\"image.default\">\n\t\t\t\t\t\t\t\t\t\t\t\t\t\t\t<img fetchpriority=\"high\" decoding=\"async\" width=\"800\" height=\"800\" src=\"https:\/\/ilpaninolignano.it\/wp-content\/uploads\/2026\/04\/IlLocale01-1024x1024.png\" class=\"attachment-large size-large wp-image-960\" alt=\"\" srcset=\"https:\/\/ilpaninolignano.it\/wp-content\/uploads\/2026\/04\/IlLocale01-1024x1024.png 1024w, https:\/\/ilpaninolignano.it\/wp-content\/uploads\/2026\/04\/IlLocale01-300x300.png 300w, https:\/\/ilpaninolignano.it\/wp-content\/uploads\/2026\/04\/IlLocale01-150x150.png 150w, https:\/\/ilpaninolignano.it\/wp-content\/uploads\/2026\/04\/IlLocale01-768x768.png 768w, https:\/\/ilpaninolignano.it\/wp-content\/uploads\/2026\/04\/IlLocale01-1536x1536.png 1536w, https:\/\/ilpaninolignano.it\/wp-content\/uploads\/2026\/04\/IlLocale01-2048x2048.png 2048w\" sizes=\"(max-width: 800px) 100vw, 800px\" \/>\t\t\t\t\t\t\t\t\t\t\t\t\t\t\t<\/div>\n\t\t\t\t<div class=\"elementor-element elementor-element-7d0f56a elementor-widget__width-initial elementor-absolute e-transform elementor-widget elementor-widget-image\" data-id=\"7d0f56a\" data-element_type=\"widget\" data-e-type=\"widget\" data-settings=\"{&quot;_position&quot;:&quot;absolute&quot;,&quot;_transform_rotateZ_effect&quot;:{&quot;unit&quot;:&quot;px&quot;,&quot;size&quot;:-15,&quot;sizes&quot;:[]},&quot;motion_fx_motion_fx_mouse&quot;:&quot;yes&quot;,&quot;motion_fx_mouseTrack_effect&quot;:&quot;yes&quot;,&quot;motion_fx_mouseTrack_speed&quot;:{&quot;unit&quot;:&quot;px&quot;,&quot;size&quot;:1,&quot;sizes&quot;:[]},&quot;_transform_rotateZ_effect_tablet&quot;:{&quot;unit&quot;:&quot;deg&quot;,&quot;size&quot;:&quot;&quot;,&quot;sizes&quot;:[]},&quot;_transform_rotateZ_effect_mobile&quot;:{&quot;unit&quot;:&quot;deg&quot;,&quot;size&quot;:&quot;&quot;,&quot;sizes&quot;:[]}}\" data-widget_type=\"image.default\">\n\t\t\t\t\t\t\t\t\t\t\t\t\t\t\t<img decoding=\"async\" width=\"800\" height=\"806\" src=\"https:\/\/ilpaninolignano.it\/wp-content\/uploads\/2026\/04\/IlLocale02-1016x1024.png\" class=\"attachment-large size-large wp-image-959\" alt=\"\" srcset=\"https:\/\/ilpaninolignano.it\/wp-content\/uploads\/2026\/04\/IlLocale02-1016x1024.png 1016w, https:\/\/ilpaninolignano.it\/wp-content\/uploads\/2026\/04\/IlLocale02-298x300.png 298w, https:\/\/ilpaninolignano.it\/wp-content\/uploads\/2026\/04\/IlLocale02-150x150.png 150w, https:\/\/ilpaninolignano.it\/wp-content\/uploads\/2026\/04\/IlLocale02-768x774.png 768w, https:\/\/ilpaninolignano.it\/wp-content\/uploads\/2026\/04\/IlLocale02-1525x1536.png 1525w, https:\/\/ilpaninolignano.it\/wp-content\/uploads\/2026\/04\/IlLocale02-2033x2048.png 2033w\" sizes=\"(max-width: 800px) 100vw, 800px\" \/>\t\t\t\t\t\t\t\t\t\t\t\t\t\t\t<\/div>\n\t\t\t\t<\/div>\n\t\t\t\t\t<\/div>\n\t\t\t\t<\/div>\n\t\t<div class=\"elementor-element elementor-element-1486f41 e-flex e-con-boxed e-con e-parent\" data-id=\"1486f41\" data-element_type=\"container\" data-e-type=\"container\">\n\t\t\t\t\t<div class=\"e-con-inner\">\n\t\t\t\t<div class=\"elementor-element elementor-element-bfa92e0 elementor-widget__width-inherit elementor-absolute elementor-widget elementor-widget-spacer\" data-id=\"bfa92e0\" data-element_type=\"widget\" data-e-type=\"widget\" data-settings=\"{&quot;_position&quot;:&quot;absolute&quot;}\" data-widget_type=\"spacer.default\">\n\t\t\t\t\t\t\t<div class=\"elementor-spacer\">\n\t\t\t<div class=\"elementor-spacer-inner\"><\/div>\n\t\t<\/div>\n\t\t\t\t\t\t<\/div>\n\t\t\t\t\t<\/div>\n\t\t\t\t<\/div>\n\t\t<div class=\"elementor-element elementor-element-fc4ecce e-flex e-con-boxed e-con e-parent\" data-id=\"fc4ecce\" data-element_type=\"container\" data-e-type=\"container\">\n\t\t\t\t\t<div class=\"e-con-inner\">\n\t\t<div class=\"elementor-element elementor-element-fedda86 e-con-full e-flex e-con e-child\" data-id=\"fedda86\" data-element_type=\"container\" data-e-type=\"container\">\n\t\t\t\t<div class=\"elementor-element elementor-element-b2b8959 elementor-widget-mobile__width-initial elementor-widget elementor-widget-image\" data-id=\"b2b8959\" data-element_type=\"widget\" data-e-type=\"widget\" data-widget_type=\"image.default\">\n\t\t\t\t\t\t\t\t\t\t\t\t\t\t\t<img decoding=\"async\" width=\"448\" height=\"1024\" src=\"https:\/\/ilpaninolignano.it\/wp-content\/uploads\/2026\/04\/Bancone01-448x1024.png\" class=\"attachment-large size-large wp-image-962\" alt=\"\" srcset=\"https:\/\/ilpaninolignano.it\/wp-content\/uploads\/2026\/04\/Bancone01-448x1024.png 448w, https:\/\/ilpaninolignano.it\/wp-content\/uploads\/2026\/04\/Bancone01-131x300.png 131w, https:\/\/ilpaninolignano.it\/wp-content\/uploads\/2026\/04\/Bancone01-768x1756.png 768w, https:\/\/ilpaninolignano.it\/wp-content\/uploads\/2026\/04\/Bancone01-672x1536.png 672w, https:\/\/ilpaninolignano.it\/wp-content\/uploads\/2026\/04\/Bancone01-896x2048.png 896w, https:\/\/ilpaninolignano.it\/wp-content\/uploads\/2026\/04\/Bancone01.png 1051w\" sizes=\"(max-width: 448px) 100vw, 448px\" \/>\t\t\t\t\t\t\t\t\t\t\t\t\t\t\t<\/div>\n\t\t\t\t<div class=\"elementor-element elementor-element-a110f99 elementor-widget-mobile__width-initial elementor-widget elementor-widget-image\" data-id=\"a110f99\" data-element_type=\"widget\" data-e-type=\"widget\" data-widget_type=\"image.default\">\n\t\t\t\t\t\t\t\t\t\t\t\t\t\t\t<img loading=\"lazy\" decoding=\"async\" width=\"448\" height=\"1024\" src=\"https:\/\/ilpaninolignano.it\/wp-content\/uploads\/2026\/04\/Bancone02-448x1024.png\" class=\"attachment-large size-large wp-image-963\" alt=\"\" srcset=\"https:\/\/ilpaninolignano.it\/wp-content\/uploads\/2026\/04\/Bancone02-448x1024.png 448w, https:\/\/ilpaninolignano.it\/wp-content\/uploads\/2026\/04\/Bancone02-131x300.png 131w, https:\/\/ilpaninolignano.it\/wp-content\/uploads\/2026\/04\/Bancone02-768x1756.png 768w, https:\/\/ilpaninolignano.it\/wp-content\/uploads\/2026\/04\/Bancone02-672x1536.png 672w, https:\/\/ilpaninolignano.it\/wp-content\/uploads\/2026\/04\/Bancone02-896x2048.png 896w, https:\/\/ilpaninolignano.it\/wp-content\/uploads\/2026\/04\/Bancone02.png 1051w\" sizes=\"(max-width: 448px) 100vw, 448px\" \/>\t\t\t\t\t\t\t\t\t\t\t\t\t\t\t<\/div>\n\t\t\t\t<div class=\"elementor-element elementor-element-9a45bfb elementor-widget-mobile__width-initial elementor-widget elementor-widget-image\" data-id=\"9a45bfb\" data-element_type=\"widget\" data-e-type=\"widget\" data-widget_type=\"image.default\">\n\t\t\t\t\t\t\t\t\t\t\t\t\t\t\t<img loading=\"lazy\" decoding=\"async\" width=\"448\" height=\"1024\" src=\"https:\/\/ilpaninolignano.it\/wp-content\/uploads\/2026\/04\/Bancone03-448x1024.png\" class=\"attachment-large size-large wp-image-961\" alt=\"\" srcset=\"https:\/\/ilpaninolignano.it\/wp-content\/uploads\/2026\/04\/Bancone03-448x1024.png 448w, https:\/\/ilpaninolignano.it\/wp-content\/uploads\/2026\/04\/Bancone03-131x300.png 131w, https:\/\/ilpaninolignano.it\/wp-content\/uploads\/2026\/04\/Bancone03-768x1756.png 768w, https:\/\/ilpaninolignano.it\/wp-content\/uploads\/2026\/04\/Bancone03-672x1536.png 672w, https:\/\/ilpaninolignano.it\/wp-content\/uploads\/2026\/04\/Bancone03-896x2048.png 896w, https:\/\/ilpaninolignano.it\/wp-content\/uploads\/2026\/04\/Bancone03.png 1051w\" sizes=\"(max-width: 448px) 100vw, 448px\" \/>\t\t\t\t\t\t\t\t\t\t\t\t\t\t\t<\/div>\n\t\t\t\t<\/div>\n\t\t<div class=\"elementor-element elementor-element-d38f7cf e-con-full e-flex e-con e-child\" data-id=\"d38f7cf\" data-element_type=\"container\" data-e-type=\"container\">\n\t\t\t\t<div class=\"elementor-element elementor-element-5f88a71 elementor-hidden-mobile elementor-widget elementor-widget-heading\" data-id=\"5f88a71\" data-element_type=\"widget\" data-e-type=\"widget\" data-settings=\"{&quot;motion_fx_motion_fx_scrolling&quot;:&quot;yes&quot;,&quot;motion_fx_translateX_effect&quot;:&quot;yes&quot;,&quot;motion_fx_devices&quot;:[&quot;desktop&quot;,&quot;tablet&quot;],&quot;motion_fx_translateX_speed&quot;:{&quot;unit&quot;:&quot;px&quot;,&quot;size&quot;:4,&quot;sizes&quot;:[]},&quot;motion_fx_translateX_affectedRange&quot;:{&quot;unit&quot;:&quot;%&quot;,&quot;size&quot;:&quot;&quot;,&quot;sizes&quot;:{&quot;start&quot;:0,&quot;end&quot;:100}}}\" data-widget_type=\"heading.default\">\n\t\t\t\t\t<h2 class=\"elementor-heading-title elementor-size-default\">Sich wie zu Hause f\u00fchlen,\nohne<\/h2>\t\t\t\t<\/div>\n\t\t\t\t<div class=\"elementor-element elementor-element-c06a859 elementor-hidden-mobile elementor-widget elementor-widget-heading\" data-id=\"c06a859\" data-element_type=\"widget\" data-e-type=\"widget\" data-settings=\"{&quot;motion_fx_motion_fx_scrolling&quot;:&quot;yes&quot;,&quot;motion_fx_translateX_effect&quot;:&quot;yes&quot;,&quot;motion_fx_devices&quot;:[&quot;desktop&quot;,&quot;tablet&quot;],&quot;motion_fx_translateX_speed&quot;:{&quot;unit&quot;:&quot;px&quot;,&quot;size&quot;:4,&quot;sizes&quot;:[]},&quot;motion_fx_translateX_affectedRange&quot;:{&quot;unit&quot;:&quot;%&quot;,&quot;size&quot;:&quot;&quot;,&quot;sizes&quot;:{&quot;start&quot;:0,&quot;end&quot;:100}}}\" data-widget_type=\"heading.default\">\n\t\t\t\t\t<h2 class=\"elementor-heading-title elementor-size-default\">absp\u00fclen zu m\u00fcssen<\/h2>\t\t\t\t<\/div>\n\t\t\t\t<div class=\"elementor-element elementor-element-156a44d elementor-hidden-desktop elementor-hidden-tablet elementor-widget elementor-widget-heading\" data-id=\"156a44d\" data-element_type=\"widget\" data-e-type=\"widget\" data-settings=\"{&quot;motion_fx_motion_fx_scrolling&quot;:&quot;yes&quot;,&quot;motion_fx_translateX_effect&quot;:&quot;yes&quot;,&quot;motion_fx_devices&quot;:[&quot;desktop&quot;],&quot;motion_fx_translateX_speed&quot;:{&quot;unit&quot;:&quot;px&quot;,&quot;size&quot;:4,&quot;sizes&quot;:[]},&quot;motion_fx_translateX_affectedRange&quot;:{&quot;unit&quot;:&quot;%&quot;,&quot;size&quot;:&quot;&quot;,&quot;sizes&quot;:{&quot;start&quot;:0,&quot;end&quot;:100}}}\" data-widget_type=\"heading.default\">\n\t\t\t\t\t<h2 class=\"elementor-heading-title elementor-size-default\">Sich wie zu Hause f\u00fchlen,\nohne\nabsp\u00fclen zu m\u00fcssen<\/h2>\t\t\t\t<\/div>\n\t\t\t\t<\/div>\n\t\t\t\t\t<\/div>\n\t\t\t\t<\/div>\n\t\t<div class=\"elementor-element elementor-element-3540191 e-flex e-con-boxed e-con e-parent\" data-id=\"3540191\" data-element_type=\"container\" data-e-type=\"container\">\n\t\t\t\t\t<div class=\"e-con-inner\">\n\t\t\t\t<div class=\"elementor-element elementor-element-ec82ee8 elementor-widget__width-inherit elementor-widget elementor-widget-text-editor\" data-id=\"ec82ee8\" data-element_type=\"widget\" data-e-type=\"widget\" data-widget_type=\"text-editor.default\">\n\t\t\t\t\t\t\t\t\t<p data-path-to-node=\"1\">Uns ist es egal, ob du im Hemd kommst oder noch die Abdr\u00fccke vom Badeanzug hast. <b data-path-to-node=\"1\" data-index-in-node=\"105\">Il Panino<\/b> ist eine freie Zone: Die T\u00fcren stehen allen offen, auch deinen vierbeinigen Freunden.<\/p><p data-path-to-node=\"1\">Wir haben an jedem Tisch <b data-path-to-node=\"1\" data-index-in-node=\"288\">WLAN und Steckdosen f\u00fcrs Handy<\/b> installiert, weil wir wissen, dass du das Foto von deinem Panino posten musst, damit alle im B\u00fcro vor Neid erblassen!<\/p><p data-path-to-node=\"2\"><b data-path-to-node=\"2\" data-index-in-node=\"0\">Wir nehmen keine Reservierungen an.<\/b> Wir sind kein Postamt und wir m\u00f6gen keine Formalit\u00e4ten. Hier gilt das Gesetz des Strandes: Wer zuerst kommt, mahlt zuerst \u2013 oder sitzt am besten und bei\u00dft als Erster rein. Beeil dich, das Bier k\u00fchlt sich nicht von alleine.<\/p>\t\t\t\t\t\t\t\t<\/div>\n\t\t\t\t\t<\/div>\n\t\t\t\t<\/div>\n\t\t\t\t<\/div>\n\t\t","protected":false},"excerpt":{"rendered":"<p>Mach es dir gem\u00fctlich,hier brauchst dukein Hemd seit 1983 Egal, ob drau\u00dfen die Augustsonne brennt oder der Januarnebel h\u00e4ngt \u2013 unsere Grillplatte ist immer hei\u00df. Wir sind in Lignano, im Raggio dell&#8217;Ostro 2: der Ort, an dem du dich wie zu Hause f\u00fchlst, nur dass jemand f\u00fcr dich kocht, der es besser kann. Sich wie [&hellip;]<\/p>\n","protected":false},"author":1,"featured_media":0,"parent":0,"menu_order":0,"comment_status":"closed","ping_status":"closed","template":"","meta":{"footnotes":""},"class_list":["post-707","page","type-page","status-publish","hentry"],"_links":{"self":[{"href":"https:\/\/ilpaninolignano.it\/de\/wp-json\/wp\/v2\/pages\/707","targetHints":{"allow":["GET"]}}],"collection":[{"href":"https:\/\/ilpaninolignano.it\/de\/wp-json\/wp\/v2\/pages"}],"about":[{"href":"https:\/\/ilpaninolignano.it\/de\/wp-json\/wp\/v2\/types\/page"}],"author":[{"embeddable":true,"href":"https:\/\/ilpaninolignano.it\/de\/wp-json\/wp\/v2\/users\/1"}],"replies":[{"embeddable":true,"href":"https:\/\/ilpaninolignano.it\/de\/wp-json\/wp\/v2\/comments?post=707"}],"version-history":[{"count":3,"href":"https:\/\/ilpaninolignano.it\/de\/wp-json\/wp\/v2\/pages\/707\/revisions"}],"predecessor-version":[{"id":1001,"href":"https:\/\/ilpaninolignano.it\/de\/wp-json\/wp\/v2\/pages\/707\/revisions\/1001"}],"wp:attachment":[{"href":"https:\/\/ilpaninolignano.it\/de\/wp-json\/wp\/v2\/media?parent=707"}],"curies":[{"name":"wp","href":"https:\/\/api.w.org\/{rel}","templated":true}]}}